{"id":19169,"date":"2024-11-22T19:34:30","date_gmt":"2024-11-22T19:34:30","guid":{"rendered":"http:\/\/front.local\/?page_id=19169"},"modified":"2024-11-25T12:19:15","modified_gmt":"2024-11-25T12:19:15","slug":"green-card-lottery-basvurusu","status":"publish","type":"page","link":"https:\/\/drvia.com.tr\/index.php\/green-card-lottery-basvurusu\/","title":{"rendered":"Green Card Lottery Ba\u015fvurusu"},"content":{"rendered":"<div class=\"wpb-content-wrapper\"><p>[vc_row][vc_column width=&#8221;2\/3&#8243;][vc_column_text css=&#8221;&#8221;]<\/p>\n<h3><strong>Amerika Green Card Lottery Ba\u015fvurusu<\/strong><\/h3>\n<p>Her y\u0131l ABD, d\u00fcnyadaki \u00e7e\u015fitli \u00fclkelerden ki\u015filere kal\u0131c\u0131 oturum hakk\u0131 tan\u0131yan <strong>Green Card<\/strong> ba\u015fvuru f\u0131rsat\u0131n\u0131 <strong>DV Lottery (Diversity Visa) Program\u0131<\/strong> arac\u0131l\u0131\u011f\u0131yla sunuyor. Kas\u0131m ay\u0131nda ba\u015flayan ba\u015fvuru s\u00fcreci, May\u0131s ay\u0131nda sonu\u00e7lan\u0131yor ve her y\u0131l binlerce ki\u015fi bu programla Amerika Birle\u015fik Devletleri&#8217;ne yerle\u015fmeyi hayal ediyor. Her ne kadar program ba\u015fvuru s\u00fcreci genellikle basit gibi g\u00f6r\u00fcnse de, ba\u015fvuru formundaki ufak bir hata ya da eksik bilgi, ba\u015fvurunun ge\u00e7ersiz say\u0131lmas\u0131na neden olabilir. \u0130\u015fte bu noktada, Dr. Via Yurtd\u0131\u015f\u0131 Dan\u0131\u015fmanl\u0131k olarak devreye giriyoruz ve ba\u015fvuru s\u00fcrecinizin her a\u015famas\u0131nda size destek sunuyoruz.<\/p>\n<p><strong>Green Card DV Lottery<\/strong> program\u0131, Amerika Birle\u015fik Devletleri&#8217;ne g\u00f6\u00e7 etmek isteyen ki\u015filere bir f\u0131rsat sunarken, ba\u015fvuru i\u015flemi tamamen online ve belirli kurallara dayan\u0131yor. Ba\u015fvuru s\u0131ras\u0131nda, do\u011fru bilgi sa\u011flamak ve t\u00fcm istenen belgeleri eksiksiz \u015fekilde sunmak b\u00fcy\u00fck \u00f6nem ta\u015f\u0131yor. Ancak, ba\u015fvuru formunda yap\u0131lacak ufak bir hata, yanl\u0131\u015f foto\u011fraf se\u00e7imi ya da eksik bilgi, ba\u015fvurunuzun ge\u00e7ersiz say\u0131lmas\u0131na yol a\u00e7abilir. \u0130\u015fte bu t\u00fcr hatalar\u0131n \u00f6n\u00fcne ge\u00e7mek ve s\u00fcrecin do\u011fru bir \u015fekilde ilerlemesi i\u00e7in <strong>Dr. Via Yurtd\u0131\u015f\u0131 Dan\u0131\u015fmanl\u0131k<\/strong> olarak size profesyonel bir rehberlik sunuyoruz.<\/p>\n<p>Ba\u015fvuru s\u00fcrecindeki dikkat edilmesi gereken bir\u00e7ok nokta bulunuyor. Foto\u011fraf\u0131n uygunluk standartlar\u0131na g\u00f6re \u00e7ekilmesi, ki\u015fisel bilgilerin do\u011fru \u015fekilde girilmesi, ba\u015fvuru formunun eksiksiz doldurulmas\u0131 gibi k\u00fc\u00e7\u00fck detaylar, ba\u015fvurunun ge\u00e7erli olup olmayaca\u011f\u0131n\u0131 belirleyebilir. Bu nedenle, her \u015feyin m\u00fckemmel olmas\u0131 ad\u0131na uzman ekibimizle \u00e7al\u0131\u015fmak, riskleri minimize etmek i\u00e7in olduk\u00e7a \u00f6nemlidir. Dr. Via olarak, ba\u015fvurunuzun her a\u015famas\u0131nda size detayl\u0131 bilgi veriyor ve s\u00fcrecin sorunsuz bir \u015fekilde ilerlemesini sa\u011fl\u0131yoruz.<\/p>\n<p>Ba\u015fvuru formu, her y\u0131l ABD h\u00fck\u00fcmeti taraf\u0131ndan belirlenen kurallar \u00e7er\u00e7evesinde de\u011fi\u015ftirilmekte ve her bir detay \u00f6nem ta\u015f\u0131maktad\u0131r. Ba\u015fvurunun ard\u0131ndan herhangi bir sorunla kar\u015f\u0131la\u015fmamak i\u00e7in, ba\u015fvuru formunun do\u011fru \u015fekilde doldurulmas\u0131 ve gereken t\u00fcm belgelerin sa\u011flanmas\u0131 konusunda profesyonel bir destek almak her zaman avantajl\u0131d\u0131r. Bu konuda Dr. Via Yurtd\u0131\u015f\u0131 Dan\u0131\u015fmanl\u0131k olarak, y\u0131llard\u0131r edindi\u011fimiz deneyim ve bilgi birikimiyle, ba\u015fvurunuzun en do\u011fru \u015fekilde yap\u0131lmas\u0131 i\u00e7in yan\u0131n\u0131zday\u0131z.<\/p>\n<p>Ba\u015fvurular\u0131n\u0131z\u0131n do\u011fru yap\u0131lmas\u0131 ve ilerleyen s\u00fcre\u00e7te ya\u015fanabilecek olas\u0131 sorunlar\u0131 en aza indirmek i\u00e7in Dr. Via&#8217;n\u0131n uzman ekibiyle ileti\u015fime ge\u00e7ebilirsiniz. Green Card DV Lottery program\u0131, hayallerinize ula\u015fman\u0131z i\u00e7in b\u00fcy\u00fck bir f\u0131rsat sunuyor ve bu f\u0131rsat\u0131n de\u011ferlendirilebilmesi i\u00e7in do\u011fru ad\u0131mlar atmak b\u00fcy\u00fck \u00f6nem ta\u015f\u0131yor.<\/p>\n<p>Amerika Birle\u015fik Devletleri&#8217;ne gitme hayalini kuranlar\u0131n ilk ad\u0131m\u0131n\u0131 atmas\u0131 i\u00e7in profesyonel bir deste\u011fe ihtiya\u00e7 duydu\u011funda, <strong>Dr. Via Yurtd\u0131\u015f\u0131 Dan\u0131\u015fmanl\u0131k<\/strong> her zaman yan\u0131n\u0131zda. Hayalinizdeki gelece\u011fe ula\u015fmak i\u00e7in ba\u015fvurunuzu do\u011fru \u015fekilde yap\u0131n ve s\u00fcrecin keyfini \u00e7\u0131kar\u0131n![\/vc_column_text][\/vc_column][vc_column width=&#8221;1\/3&#8243;]<div class=\"edukul-image-box clearfix style-1 \" style=\"\" >\r\n        <div class=\"item\">\r\n            <div class=\"inner\">\r\n                <div class=\"thumb\" style=\"\"><img fetchpriority=\"high\" decoding=\"async\" width=\"601\" height=\"1048\" src=\"https:\/\/drvia.com.tr\/wp-content\/uploads\/2024\/11\/6.png\" class=\"attachment-full size-full\" alt=\"\" srcset=\"https:\/\/drvia.com.tr\/wp-content\/uploads\/2024\/11\/6.png 601w, https:\/\/drvia.com.tr\/wp-content\/uploads\/2024\/11\/6-172x300.png 172w, https:\/\/drvia.com.tr\/wp-content\/uploads\/2024\/11\/6-587x1024.png 587w\" sizes=\"(max-width: 601px) 100vw, 601px\" \/> <\/div>\r\n                <div class=\"text-wrap \" style=\"\">\r\n                    <div class=\"text-inner\">  <div class=\"url-wrap\">\r\n            <a target=\"_blank\" class=\"edukul-button big btn-294405017 custom custom outline solid custom\" href=\"https:\/\/wa.me\/905516463179\" style=\"border-width:1px;\"  data-background=\"#81d742\" data-text=\"#ffffff\" data-border=\"\">WhatsApp<\/a>\r\n        <\/div><\/div>\r\n                <\/div>\r\n                \r\n            <\/div>\r\n        <\/div>\r\n    <\/div>[\/vc_column][\/vc_row]<\/p>\n<\/div>","protected":false},"excerpt":{"rendered":"<p>[vc_row][vc_column width=&#8221;2\/3&#8243;][vc_column_text css=&#8221;&#8221;] Amerika Green Card Lottery Ba\u015fvurusu Her y\u0131l ABD, d\u00fcnyadaki \u00e7e\u015fitli \u00fclkelerden ki\u015filere kal\u0131c\u0131 oturum hakk\u0131 tan\u0131yan Green Card ba\u015fvuru f\u0131rsat\u0131n\u0131 DV Lottery (Diversity Visa) Program\u0131 arac\u0131l\u0131\u011f\u0131yla sunuyor. Kas\u0131m ay\u0131nda ba\u015flayan ba\u015fvuru s\u00fcreci, May\u0131s ay\u0131nda sonu\u00e7lan\u0131yor ve her y\u0131l binlerce ki\u015fi bu programla Amerika Birle\u015fik Devletleri&#8217;ne yerle\u015fmeyi hayal<\/p>\n","protected":false},"author":1,"featured_media":0,"parent":0,"menu_order":0,"comment_status":"closed","ping_status":"closed","template":"","meta":{"footnotes":""},"class_list":["post-19169","page","type-page","status-publish","hentry"],"yoast_head":"<!-- This site is optimized with the Yoast SEO plugin v24.1 - https:\/\/yoast.com\/wordpress\/plugins\/seo\/ -->\n<title>Green Card Lottery Ba\u015fvurusu - Dr.Via Yurtd\u0131\u015f\u0131 Dan\u0131\u015fmanl\u0131k<\/title>\n<meta name=\"robots\" content=\"index, follow, max-snippet:-1, max-image-preview:large, max-video-preview:-1\" \/>\n<link rel=\"canonical\" href=\"https:\/\/drvia.com.tr\/index.php\/green-card-lottery-basvurusu\/\" \/>\n<meta property=\"og:locale\" content=\"tr_TR\" \/>\n<meta property=\"og:type\" content=\"article\" \/>\n<meta property=\"og:title\" content=\"Green Card Lottery Ba\u015fvurusu - Dr.Via Yurtd\u0131\u015f\u0131 Dan\u0131\u015fmanl\u0131k\" \/>\n<meta property=\"og:description\" content=\"[vc_row][vc_column width=&#8221;2\/3&#8243;][vc_column_text css=&#8221;&#8221;] Amerika Green Card Lottery Ba\u015fvurusu Her y\u0131l ABD, d\u00fcnyadaki \u00e7e\u015fitli \u00fclkelerden ki\u015filere kal\u0131c\u0131 oturum hakk\u0131 tan\u0131yan Green Card ba\u015fvuru f\u0131rsat\u0131n\u0131 DV Lottery (Diversity Visa) Program\u0131 arac\u0131l\u0131\u011f\u0131yla sunuyor. Kas\u0131m ay\u0131nda ba\u015flayan ba\u015fvuru s\u00fcreci, May\u0131s ay\u0131nda sonu\u00e7lan\u0131yor ve her y\u0131l binlerce ki\u015fi bu programla Amerika Birle\u015fik Devletleri&#8217;ne yerle\u015fmeyi hayal\" \/>\n<meta property=\"og:url\" content=\"https:\/\/drvia.com.tr\/index.php\/green-card-lottery-basvurusu\/\" \/>\n<meta property=\"og:site_name\" content=\"Dr.Via Yurtd\u0131\u015f\u0131 Dan\u0131\u015fmanl\u0131k\" \/>\n<meta property=\"article:modified_time\" content=\"2024-11-25T12:19:15+00:00\" \/>\n<meta name=\"twitter:card\" content=\"summary_large_image\" \/>\n<meta name=\"twitter:label1\" content=\"Tahmini okuma s\u00fcresi\" \/>\n\t<meta name=\"twitter:data1\" content=\"3 dakika\" \/>\n<script type=\"application\/ld+json\" class=\"yoast-schema-graph\">{\"@context\":\"https:\/\/schema.org\",\"@graph\":[{\"@type\":\"WebPage\",\"@id\":\"https:\/\/drvia.com.tr\/index.php\/green-card-lottery-basvurusu\/\",\"url\":\"https:\/\/drvia.com.tr\/index.php\/green-card-lottery-basvurusu\/\",\"name\":\"Green Card Lottery Ba\u015fvurusu - Dr.Via Yurtd\u0131\u015f\u0131 Dan\u0131\u015fmanl\u0131k\",\"isPartOf\":{\"@id\":\"https:\/\/drvia.com.tr\/#website\"},\"datePublished\":\"2024-11-22T19:34:30+00:00\",\"dateModified\":\"2024-11-25T12:19:15+00:00\",\"breadcrumb\":{\"@id\":\"https:\/\/drvia.com.tr\/index.php\/green-card-lottery-basvurusu\/#breadcrumb\"},\"inLanguage\":\"tr\",\"potentialAction\":[{\"@type\":\"ReadAction\",\"target\":[\"https:\/\/drvia.com.tr\/index.php\/green-card-lottery-basvurusu\/\"]}]},{\"@type\":\"BreadcrumbList\",\"@id\":\"https:\/\/drvia.com.tr\/index.php\/green-card-lottery-basvurusu\/#breadcrumb\",\"itemListElement\":[{\"@type\":\"ListItem\",\"position\":1,\"name\":\"Anasayfa\",\"item\":\"https:\/\/drvia.com.tr\/\"},{\"@type\":\"ListItem\",\"position\":2,\"name\":\"Green Card Lottery Ba\u015fvurusu\"}]},{\"@type\":\"WebSite\",\"@id\":\"https:\/\/drvia.com.tr\/#website\",\"url\":\"https:\/\/drvia.com.tr\/\",\"name\":\"Dr.Via Yurtd\u0131\u015f\u0131 Dan\u0131\u015fmanl\u0131k\",\"description\":\"Summer Work Germany\",\"publisher\":{\"@id\":\"https:\/\/drvia.com.tr\/#organization\"},\"potentialAction\":[{\"@type\":\"SearchAction\",\"target\":{\"@type\":\"EntryPoint\",\"urlTemplate\":\"https:\/\/drvia.com.tr\/?s={search_term_string}\"},\"query-input\":{\"@type\":\"PropertyValueSpecification\",\"valueRequired\":true,\"valueName\":\"search_term_string\"}}],\"inLanguage\":\"tr\"},{\"@type\":\"Organization\",\"@id\":\"https:\/\/drvia.com.tr\/#organization\",\"name\":\"Dr.Via Yurtd\u0131\u015f\u0131 Dan\u0131\u015fmanl\u0131k\",\"url\":\"https:\/\/drvia.com.tr\/\",\"logo\":{\"@type\":\"ImageObject\",\"inLanguage\":\"tr\",\"@id\":\"https:\/\/drvia.com.tr\/#\/schema\/logo\/image\/\",\"url\":\"\",\"contentUrl\":\"\",\"caption\":\"Dr.Via Yurtd\u0131\u015f\u0131 Dan\u0131\u015fmanl\u0131k\"},\"image\":{\"@id\":\"https:\/\/drvia.com.tr\/#\/schema\/logo\/image\/\"}}]}<\/script>\n<!-- \/ Yoast SEO plugin. -->","yoast_head_json":{"title":"Green Card Lottery Ba\u015fvurusu - Dr.Via Yurtd\u0131\u015f\u0131 Dan\u0131\u015fmanl\u0131k","robots":{"index":"index","follow":"follow","max-snippet":"max-snippet:-1","max-image-preview":"max-image-preview:large","max-video-preview":"max-video-preview:-1"},"canonical":"https:\/\/drvia.com.tr\/index.php\/green-card-lottery-basvurusu\/","og_locale":"tr_TR","og_type":"article","og_title":"Green Card Lottery Ba\u015fvurusu - Dr.Via Yurtd\u0131\u015f\u0131 Dan\u0131\u015fmanl\u0131k","og_description":"[vc_row][vc_column width=&#8221;2\/3&#8243;][vc_column_text css=&#8221;&#8221;] Amerika Green Card Lottery Ba\u015fvurusu Her y\u0131l ABD, d\u00fcnyadaki \u00e7e\u015fitli \u00fclkelerden ki\u015filere kal\u0131c\u0131 oturum hakk\u0131 tan\u0131yan Green Card ba\u015fvuru f\u0131rsat\u0131n\u0131 DV Lottery (Diversity Visa) Program\u0131 arac\u0131l\u0131\u011f\u0131yla sunuyor. Kas\u0131m ay\u0131nda ba\u015flayan ba\u015fvuru s\u00fcreci, May\u0131s ay\u0131nda sonu\u00e7lan\u0131yor ve her y\u0131l binlerce ki\u015fi bu programla Amerika Birle\u015fik Devletleri&#8217;ne yerle\u015fmeyi hayal","og_url":"https:\/\/drvia.com.tr\/index.php\/green-card-lottery-basvurusu\/","og_site_name":"Dr.Via Yurtd\u0131\u015f\u0131 Dan\u0131\u015fmanl\u0131k","article_modified_time":"2024-11-25T12:19:15+00:00","twitter_card":"summary_large_image","twitter_misc":{"Tahmini okuma s\u00fcresi":"3 dakika"},"schema":{"@context":"https:\/\/schema.org","@graph":[{"@type":"WebPage","@id":"https:\/\/drvia.com.tr\/index.php\/green-card-lottery-basvurusu\/","url":"https:\/\/drvia.com.tr\/index.php\/green-card-lottery-basvurusu\/","name":"Green Card Lottery Ba\u015fvurusu - Dr.Via Yurtd\u0131\u015f\u0131 Dan\u0131\u015fmanl\u0131k","isPartOf":{"@id":"https:\/\/drvia.com.tr\/#website"},"datePublished":"2024-11-22T19:34:30+00:00","dateModified":"2024-11-25T12:19:15+00:00","breadcrumb":{"@id":"https:\/\/drvia.com.tr\/index.php\/green-card-lottery-basvurusu\/#breadcrumb"},"inLanguage":"tr","potentialAction":[{"@type":"ReadAction","target":["https:\/\/drvia.com.tr\/index.php\/green-card-lottery-basvurusu\/"]}]},{"@type":"BreadcrumbList","@id":"https:\/\/drvia.com.tr\/index.php\/green-card-lottery-basvurusu\/#breadcrumb","itemListElement":[{"@type":"ListItem","position":1,"name":"Anasayfa","item":"https:\/\/drvia.com.tr\/"},{"@type":"ListItem","position":2,"name":"Green Card Lottery Ba\u015fvurusu"}]},{"@type":"WebSite","@id":"https:\/\/drvia.com.tr\/#website","url":"https:\/\/drvia.com.tr\/","name":"Dr.Via Yurtd\u0131\u015f\u0131 Dan\u0131\u015fmanl\u0131k","description":"Summer Work Germany","publisher":{"@id":"https:\/\/drvia.com.tr\/#organization"},"potentialAction":[{"@type":"SearchAction","target":{"@type":"EntryPoint","urlTemplate":"https:\/\/drvia.com.tr\/?s={search_term_string}"},"query-input":{"@type":"PropertyValueSpecification","valueRequired":true,"valueName":"search_term_string"}}],"inLanguage":"tr"},{"@type":"Organization","@id":"https:\/\/drvia.com.tr\/#organization","name":"Dr.Via Yurtd\u0131\u015f\u0131 Dan\u0131\u015fmanl\u0131k","url":"https:\/\/drvia.com.tr\/","logo":{"@type":"ImageObject","inLanguage":"tr","@id":"https:\/\/drvia.com.tr\/#\/schema\/logo\/image\/","url":"","contentUrl":"","caption":"Dr.Via Yurtd\u0131\u015f\u0131 Dan\u0131\u015fmanl\u0131k"},"image":{"@id":"https:\/\/drvia.com.tr\/#\/schema\/logo\/image\/"}}]}},"_links":{"self":[{"href":"https:\/\/drvia.com.tr\/index.php\/wp-json\/wp\/v2\/pages\/19169","targetHints":{"allow":["GET"]}}],"collection":[{"href":"https:\/\/drvia.com.tr\/index.php\/wp-json\/wp\/v2\/pages"}],"about":[{"href":"https:\/\/drvia.com.tr\/index.php\/wp-json\/wp\/v2\/types\/page"}],"author":[{"embeddable":true,"href":"https:\/\/drvia.com.tr\/index.php\/wp-json\/wp\/v2\/users\/1"}],"replies":[{"embeddable":true,"href":"https:\/\/drvia.com.tr\/index.php\/wp-json\/wp\/v2\/comments?post=19169"}],"version-history":[{"count":1,"href":"https:\/\/drvia.com.tr\/index.php\/wp-json\/wp\/v2\/pages\/19169\/revisions"}],"predecessor-version":[{"id":19392,"href":"https:\/\/drvia.com.tr\/index.php\/wp-json\/wp\/v2\/pages\/19169\/revisions\/19392"}],"wp:attachment":[{"href":"https:\/\/drvia.com.tr\/index.php\/wp-json\/wp\/v2\/media?parent=19169"}],"curies":[{"name":"wp","href":"https:\/\/api.w.org\/{rel}","templated":true}]}}